{"id":186,"date":"2024-04-29T04:51:18","date_gmt":"2024-04-29T07:51:18","guid":{"rendered":"https:\/\/mistyrose-chinchilla-678413.hostingersite.com\/?page_id=186"},"modified":"2026-01-30T08:43:10","modified_gmt":"2026-01-30T11:43:10","slug":"sobre","status":"publish","type":"page","link":"https:\/\/hauspremier.com.br\/index.php\/sobre\/","title":{"rendered":"Sobre"},"content":{"rendered":"\t\t<div data-elementor-type=\"wp-post\" data-elementor-id=\"186\" class=\"elementor elementor-186\" data-elementor-post-type=\"page\">\n\t\t\t\t<div class=\"elementor-element elementor-element-4538756 e-flex e-con-boxed e-con e-parent\" data-id=\"4538756\" data-element_type=\"container\" data-e-type=\"container\" data-settings=\"{&quot;background_background&quot;:&quot;classic&quot;,&quot;jet_parallax_layout_list&quot;:[]}\">\n\t\t\t\t\t<div class=\"e-con-inner\">\n\t\t<div class=\"elementor-element elementor-element-2bac8ec e-con-full e-flex e-con e-child\" data-id=\"2bac8ec\" data-element_type=\"container\" data-e-type=\"container\" data-settings=\"{&quot;jet_parallax_layout_list&quot;:[]}\">\n\t\t\t\t<div class=\"elementor-element elementor-element-6235881 elementor-invisible elementor-widget elementor-widget-heading\" data-id=\"6235881\" data-element_type=\"widget\" data-e-type=\"widget\" data-settings=\"{&quot;_animation&quot;:&quot;fadeInLeft&quot;}\" data-widget_type=\"heading.default\">\n\t\t\t\t<div class=\"elementor-widget-container\">\n\t\t\t\t\t<h2 class=\"elementor-heading-title elementor-size-default\">Por que escolher a Haus Premier Im\u00f3veis?<\/h2>\t\t\t\t<\/div>\n\t\t\t\t<\/div>\n\t\t\t\t<div class=\"elementor-element elementor-element-bedfe7e animated-slow elementor-invisible elementor-widget elementor-widget-text-editor\" data-id=\"bedfe7e\" data-element_type=\"widget\" data-e-type=\"widget\" data-settings=\"{&quot;_animation&quot;:&quot;fadeInLeft&quot;,&quot;_animation_delay&quot;:200}\" data-widget_type=\"text-editor.default\">\n\t\t\t\t<div class=\"elementor-widget-container\">\n\t\t\t\t\t\t\t\t\t<p>Na Haus Premier, entregamos a seguran\u00e7a de um investimento s\u00f3lido com a sensibilidade de quem entende o valor de um lar.<\/p><p><br><\/p>\n<p>Sabemos que a decis\u00e3o de comprar ou vender um im\u00f3vel \u00e9 um dos passos mais importantes de uma trajet\u00f3ria. Por isso, nossa atua\u00e7\u00e3o une a excel\u00eancia jur\u00eddica e o sigilo absoluto a um atendimento profundamente humanizado. Como especialistas no mercado, oferecemos um portf\u00f3lio diversificado, selecionado para garantir o m\u00e1ximo de seguran\u00e7a, conforto e exclusividade, seja em condom\u00ednios ou em localiza\u00e7\u00f5es estrat\u00e9gicas da cidade.<\/p><p><br><\/p>\n<p>Nossa consultoria vai al\u00e9m da intermedia\u00e7\u00e3o: somos parceiros na realiza\u00e7\u00e3o de projetos de vida baseados na \u00e9tica e na transpar\u00eancia. Praticamos a escuta ativa para que cada decis\u00e3o sua seja consciente e pautada em um profundo conhecimento de mercado, protegendo o seu patrim\u00f4nio e respeitando a hist\u00f3ria da sua fam\u00edlia. Do primeiro contato ao p\u00f3s-negocia\u00e7\u00e3o, a Haus Premier est\u00e1 ao seu lado para orientar, cuidar e transformar o seu sonho em uma conquista s\u00f3lida e segura.<\/p>\t\t\t\t\t\t\t\t<\/div>\n\t\t\t\t<\/div>\n\t\t\t\t<\/div>\n\t\t<div class=\"elementor-element elementor-element-276f879 e-con-full e-flex e-con e-child\" data-id=\"276f879\" data-element_type=\"container\" data-e-type=\"container\" data-settings=\"{&quot;jet_parallax_layout_list&quot;:[]}\">\n\t\t\t\t<div class=\"elementor-element elementor-element-1aefead animated-slow elementor-invisible elementor-widget elementor-widget-image\" data-id=\"1aefead\" data-element_type=\"widget\" data-e-type=\"widget\" data-settings=\"{&quot;_animation&quot;:&quot;fadeInUp&quot;}\" data-widget_type=\"image.default\">\n\t\t\t\t<div class=\"elementor-widget-container\">\n\t\t\t\t\t\t\t\t\t\t\t\t\t\t\t<img fetchpriority=\"high\" decoding=\"async\" width=\"2560\" height=\"2560\" src=\"https:\/\/hauspremier.com.br\/wp-content\/uploads\/2024\/05\/close-up-woman-writing-clipboard-with-pen-scaled.jpg\" class=\"attachment-full size-full wp-image-378\" alt=\"\" srcset=\"https:\/\/hauspremier.com.br\/wp-content\/uploads\/2024\/05\/close-up-woman-writing-clipboard-with-pen-scaled.jpg 2560w, https:\/\/hauspremier.com.br\/wp-content\/uploads\/2024\/05\/close-up-woman-writing-clipboard-with-pen-300x300.jpg 300w, https:\/\/hauspremier.com.br\/wp-content\/uploads\/2024\/05\/close-up-woman-writing-clipboard-with-pen-1024x1024.jpg 1024w, https:\/\/hauspremier.com.br\/wp-content\/uploads\/2024\/05\/close-up-woman-writing-clipboard-with-pen-150x150.jpg 150w, https:\/\/hauspremier.com.br\/wp-content\/uploads\/2024\/05\/close-up-woman-writing-clipboard-with-pen-768x768.jpg 768w, https:\/\/hauspremier.com.br\/wp-content\/uploads\/2024\/05\/close-up-woman-writing-clipboard-with-pen-1536x1536.jpg 1536w, https:\/\/hauspremier.com.br\/wp-content\/uploads\/2024\/05\/close-up-woman-writing-clipboard-with-pen-2048x2048.jpg 2048w, https:\/\/hauspremier.com.br\/wp-content\/uploads\/2024\/05\/close-up-woman-writing-clipboard-with-pen-1568x1568.jpg 1568w\" sizes=\"(max-width: 2560px) 100vw, 2560px\" style=\"width:100%;height:100%;max-width:2560px\" \/>\t\t\t\t\t\t\t\t\t\t\t\t\t\t\t<\/div>\n\t\t\t\t<\/div>\n\t\t\t\t<\/div>\n\t\t\t\t\t<\/div>\n\t\t\t\t<\/div>\n\t\t\t\t<\/div>\n\t\t","protected":false},"excerpt":{"rendered":"<p>Por que escolher a Haus Premier Im\u00f3veis? Na Haus Premier, entregamos a seguran\u00e7a de um investimento s\u00f3lido com a sensibilidade de quem entende o valor de um lar. Sabemos que a decis\u00e3o de comprar ou vender um im\u00f3vel \u00e9 um dos passos mais importantes de uma trajet\u00f3ria. Por isso, nossa atua\u00e7\u00e3o une a excel\u00eancia jur\u00eddica&hellip; <a class=\"more-link\" href=\"https:\/\/hauspremier.com.br\/index.php\/sobre\/\">Continuar lendo <span class=\"screen-reader-text\">Sobre<\/span><\/a><\/p>\n","protected":false},"author":3,"featured_media":0,"parent":0,"menu_order":0,"comment_status":"closed","ping_status":"closed","template":"elementor_header_footer","meta":{"footnotes":""},"class_list":["post-186","page","type-page","status-publish","hentry","entry"],"_links":{"self":[{"href":"https:\/\/hauspremier.com.br\/index.php\/wp-json\/wp\/v2\/pages\/186","targetHints":{"allow":["GET"]}}],"collection":[{"href":"https:\/\/hauspremier.com.br\/index.php\/wp-json\/wp\/v2\/pages"}],"about":[{"href":"https:\/\/hauspremier.com.br\/index.php\/wp-json\/wp\/v2\/types\/page"}],"author":[{"embeddable":true,"href":"https:\/\/hauspremier.com.br\/index.php\/wp-json\/wp\/v2\/users\/3"}],"replies":[{"embeddable":true,"href":"https:\/\/hauspremier.com.br\/index.php\/wp-json\/wp\/v2\/comments?post=186"}],"version-history":[{"count":76,"href":"https:\/\/hauspremier.com.br\/index.php\/wp-json\/wp\/v2\/pages\/186\/revisions"}],"predecessor-version":[{"id":2898,"href":"https:\/\/hauspremier.com.br\/index.php\/wp-json\/wp\/v2\/pages\/186\/revisions\/2898"}],"wp:attachment":[{"href":"https:\/\/hauspremier.com.br\/index.php\/wp-json\/wp\/v2\/media?parent=186"}],"curies":[{"name":"wp","href":"https:\/\/api.w.org\/{rel}","templated":true}]}}